{"id":2505,"date":"2024-08-23T15:32:19","date_gmt":"2024-08-23T13:32:19","guid":{"rendered":"https:\/\/akadre.de\/?page_id=2505"},"modified":"2025-05-08T14:54:46","modified_gmt":"2025-05-08T12:54:46","slug":"physiotherapy-german-course","status":"publish","type":"page","link":"https:\/\/akadre.de\/en\/medical-professionals\/physiotherapy-german-course","title":{"rendered":"German B2 Physiotherapy"},"content":{"rendered":"\n<h1>\n\t\tPhysiotherapists: <br \/>FSP Preparation German B2\n\t<\/h1>\n\t\t\t\t<img loading=\"lazy\" decoding=\"async\" src=\"https:\/\/akadre.de\/wp-content\/uploads\/fachkraefte_physiotherapie_headerbild-jpg.webp\" alt=\"Immigrierter Physiotherapeut, der in einer deutschen Praxis f\u00fcr Physiotherapie arbeitet.\" itemprop=\"image\" height=\"375\" width=\"608\" title=\"fachkraefte_physiotherapie_headerbild\" onerror=\"this.style.display='none'\"  \/>\n<h2>\n\t\tPreparation for the Specialist Language Test (FSP): German B2 Physiotherapy\n\t<\/h2>\n\t<p><strong>Would you like to work as a physiotherapist in Germany?<\/strong> Our FSP preparation course in person or online will advance your technical German.<\/p>\n<p>With our state-funded German courses in the special module &#8220;Health Care Professions &#8211; Physiotherapy&#8221; you can prepare professionally and effectively for the physiotherapy language test required for your professional recognition. If you want to have your completed training as a physiotherapist recognized in Germany or if you are currently completing training as a physiotherapist abroad and then want to work in Germany, then this course is just right for you.<\/p>\n<p>This FSP preparation course takes place as <strong>face-to-face lessons<\/strong> on site or as an <strong>online language course<\/strong> via video conference (virtual classroom).<\/p>\n\t\t\t\t<img loading=\"lazy\" decoding=\"async\" src=\"https:\/\/akadre.de\/wp-content\/uploads\/physio_sprachkurs-jpg.webp\" alt=\"Arabischer Mann, der im deutschen Gesundheitssystem t\u00e4tig ist.\" itemprop=\"image\" height=\"621\" width=\"621\" title=\"physio_sprachkurs\" onerror=\"this.style.display='none'\"  \/>\n<h2>\n\t\tConditions of Participation \n\t<\/h2>\n\t<ul>\n<li>You have a certificate of general or specialist knowledge of German at language level B1<\/li>\n<li>You have submitted or would like to submit an application for recognition or testing of your knowledge in physiotherapy to the relevant authorities<\/li>\n<li>You have completed training or studies in the field of physiotherapy in your home country<\/li>\n<li>You already work as a physiotherapist<\/li>\n<li>You would like to work as a physiotherapist in Germany after completing your training or studies abroad<\/li>\n<\/ul>\n\t\t\t<a href=\"https:\/\/akadre.de\/en\/contact\" target=\"_self\">\n\t\t\t\t\t\t\tTo the inquiry\n\t\t\t<\/a>\n<h2>\n\t\tCourse Content\n\t<\/h2>\n\t<p>In <strong>small groups<\/strong> (5-10 participants), general and technical language skills in a medical context (with a focus on physiotherapy content) are taught. This is done using topics that are particularly relevant to the areas of physiotherapist\/physiotherapist communication, physiotherapist\/client communication, team communication and written documentation.<\/p>\n\t\t\t\t<img decoding=\"async\" src=\"https:\/\/akadre.de\/wp-content\/uploads\/kursinhalte_01-jpg.webp\" alt=\"\"\/>\n\t\t\t<h4>Admitting <br \/>patients\u00a0<\/h4>\n\t\t\t\t<p>Taking anamnesis<\/p>\n\t\t\t\t<img decoding=\"async\" src=\"https:\/\/akadre.de\/wp-content\/uploads\/kursinhalte_02-jpg.webp\" alt=\"\"\/>\n\t\t\t<h4>Communication <br \/>with colleagues<\/h4>\n\t\t\t\t<p>Handovers, representations, written exchange (e.g. email)<\/p>\n\t\t\t\t<img decoding=\"async\" src=\"https:\/\/akadre.de\/wp-content\/uploads\/kursinhalte_06-jpg.webp\" alt=\"Mann, der im deutschen Gesunndheitswesen arbeitet und Patienteninformationen aufschreibt.\"\/>\n\t\t\t<h4>Creating <br \/>documentation<\/h4>\n\t\t\t\t<p>From patient-oriented goals and measures or various clinical pictures<\/p>\n\t\t\t\t<img decoding=\"async\" src=\"https:\/\/akadre.de\/wp-content\/uploads\/kursinhalte_04-jpg.webp\" alt=\"\"\/>\n\t\t\t<h4>Recommend and justify therapies<\/h4>\n\t\t\t\t<p>\u00a0\u00a0<\/p>\n\t\t\t\t<img decoding=\"async\" src=\"https:\/\/akadre.de\/wp-content\/uploads\/kursinhalte_05-jpg.webp\" alt=\"\"\/>\n\t\t\t<h4>Use specialist <br \/>vocabulary<\/h4>\n\t\t\t\t<p>Use German terms and medical vocabulary as appropriate to the situation<\/p>\n<h3>\n\t\tExtensive Curriculum \n\t<\/h3>\n\t<p>Our courses are based on a comprehensive curriculum which we have adapted over the years to meet the current challenges of the profession. We use\u00a0<strong>specially developed teaching materials<\/strong>\u00a0to ensure individual and targeted learning. The courses conclude with the prescribed technical language examination, for which you will be intensively prepared here.<\/p>\n<h3>\n\t\tCertified Language Lecturers\n\t<\/h3>\n\t<p>Our teaching is characterized by the fact that it is carried out by\u00a0<strong>certified language lecturers<\/strong>\u00a0in the field of German in healthcare. The colleagues have extensive knowledge of teaching medical terminology and some have already worked in the healthcare sector themselves.<\/p>\n<h3>\n\t\tSpecialist Lecturers from the Field\n\t<\/h3>\n\t<p>In addition, we also use<strong>\u00a0specialist lecturers from the field<\/strong>, i.e. practicing physiotherapist with many years of professional experience, to supplement the teaching. Our specialist lecturers provide participants with authentic insights into the German way of working and prepare you intensively for the specialist language examination and the complex communicative requirements of everyday work in conversation simulations. Topics such as further training and additional qualifications in the field of physiotherapy are also discussed.<\/p>\n<h2>\n\t\tLanguage course &#038; FSP preparation: German B2 Physiotherapy (promoted)\n\t<\/h2>\n\t\t\t<p>Duration: 600<\/p>\t\t\t\n\t\t\t\t<p>teaching units*<br \/>(approx. 6 months)<\/p>\n\t\t\t<p>Daily 4 to 5<\/p>\t\t\t\n\t\t\t\tteaching units*<br \/>\n(Monday &#8211; Friday)\n\t\t\t<p>Price0,- \u20ac<\/p>\t\t\t\n\t\t\t\t100%** subsidized<br \/>\nby BAMF or BA\n\t<p>Aim:\u00a0Specialized language examination (FSP) of the German associations<\/p>\n\t* 1 TU = 1 teaching unit = 45 minutes<br \/>\n** or partially funded (proportionate cost contribution of \u20ac2.42 per teaching unit). The BAMF or BA requirements apply.\n<h3>\n\t\tAre you interested or do you have any questions? \n\t<\/h3>\n\t<p>We look forward to hearing from you! Feel free to contact us at any time.<\/p>\n\t<ul>\n\t\t<li><a href=\"https:\/\/akadre.de\/en\/contact\" target=\"_self\"  aria-label=\"Gehe zu https:\/\/akadre.de\/en\/contact\">\t\t\n\t\t\t\t<img decoding=\"async\" src=\"https:\/\/akadre.de\/wp-content\/uploads\/icon_telefon.svg\" alt=\"icon_telefon\" title=\"icon_telefon\" itemprop=\"image\"\/>\n\t\tContact Form <\/a><\/li><li><a href=\"tel:+499116006050\" target=\"_self\" rel=\"nofollow\" aria-label=\"Gehe zu tel:+499116006050\">\t\t\n\t\t\t\t<img decoding=\"async\" src=\"https:\/\/akadre.de\/wp-content\/uploads\/icon_kontaktforlular.svg\" alt=\"icon_kontaktforlular\" title=\"icon_kontaktforlular\" itemprop=\"image\"\/>\n\t\tPhone <\/a><\/li><li><a href=\"https:\/\/www.google.de\/maps\/dir\/\/AkadRe+GmbH,+Rothenburger+Str.+245,+90439+N\u00fcrnberg\/@49.4405409,11.0388849,16z\/data=!4m8!4m7!1m0!1m5!1m1!1s0x479f56f1ee3ce22d:0xda68550f6bc931ff!2m2!1d11.0388849!2d49.4405409?entry=ttu\" target=\"_blank\" rel=\"noopener nofollow\" aria-label=\"Gehe zu https:\/\/www.google.de\/maps\/dir\/\/AkadRe+GmbH,+Rothenburger+Str.+245,+90439+N\u00fcrnberg\/@49.4405409,11.0388849,16z\/data=!4m8!4m7!1m0!1m5!1m1!1s0x479f56f1ee3ce22d:0xda68550f6bc931ff!2m2!1d11.0388849!2d49.4405409?entry=ttu\">\t\t\n\t\t\t\t<img decoding=\"async\" src=\"https:\/\/akadre.de\/wp-content\/uploads\/icon_route.svg\" alt=\"icon_route\" title=\"icon_route\" itemprop=\"image\"\/>\n\t\tRoute <\/a><\/li>\t<\/ul>\n<h2>\n\t\tFurther Services for Physiotherapists\n\t<\/h2>\n\t<a href=\"https:\/\/akadre.de\/en\/medical-professionals\/physiotherapy-recognition-visa\" target=\"_self\"  aria-label=\"Gehe zu https:\/\/akadre.de\/en\/medical-professionals\/physiotherapy-recognition-visa\"><\/a>\t\t\t\t\n\t\t\t<p>Recognition and Visa<\/p>\t\t\t\n\t\t\t\t<a href=\"https:\/\/akadre.de\/en\/medical-professionals\/physiotherapy-recognition-visa\"  target=\"_self\" itemprop=\"url\">\n\t\t\t\t<img loading=\"lazy\" decoding=\"async\" src=\"https:\/\/akadre.de\/wp-content\/uploads\/anerkennung-jpg.webp\" alt=\"Dokumente, die die deutschen Beh\u00f6rden ben\u00f6tigen, damit sich Immigranten in Deutschland aufhalten d\u00fcrfen.\" itemprop=\"image\" height=\"621\" width=\"621\" title=\"anerkennung\" onerror=\"this.style.display='none'\"  \/>\n\t\t\t\t<\/a>\n\t\t\t\t<a href=\"https:\/\/akadre.de\/en\/medical-professionals\/physiotherapy-job-placement\"  target=\"_self\" itemprop=\"url\">\n\t\t\t\t<img loading=\"lazy\" decoding=\"async\" src=\"https:\/\/akadre.de\/wp-content\/uploads\/physio_arbeitsvermittlung-jpg.webp\" alt=\"Zwei junge Physiotherapeuten lernen von einem erfahrenen, praktizierenden Physiotherapeuten die richtige Behandlung einer Patientin.\" itemprop=\"image\" height=\"621\" width=\"621\" title=\"physio_arbeitsvermittlung\" onerror=\"this.style.display='none'\"  \/>\n\t\t\t\t<\/a>\n\t<a href=\"https:\/\/akadre.de\/en\/medical-professionals\/physiotherapy-job-placement\" target=\"_self\"  aria-label=\"Gehe zu https:\/\/akadre.de\/en\/medical-professionals\/physiotherapy-job-placement\"><\/a>\n\t\t\t<p>Job Placement <\/p>\t\t\t\t\t\t\n\n","protected":false},"excerpt":{"rendered":"<p>Physiotherapists: FSP Preparation German B2 Preparation for the Specialist Language Test (FSP): German B2 Physiotherapy Would you like to work as a physiotherapist in Germany? Our FSP preparation course in person or online will advance your technical German. With our state-funded German courses in the special module &#8220;Health Care Professions &#8211; Physiotherapy&#8221; you can prepare&hellip;<\/p>\n","protected":false},"author":3,"featured_media":0,"parent":2413,"menu_order":2,"comment_status":"closed","ping_status":"closed","template":"","meta":{"footnotes":""},"class_list":["post-2505","page","type-page","status-publish","hentry"],"_links":{"self":[{"href":"https:\/\/akadre.de\/en\/wp-json\/wp\/v2\/pages\/2505","targetHints":{"allow":["GET"]}}],"collection":[{"href":"https:\/\/akadre.de\/en\/wp-json\/wp\/v2\/pages"}],"about":[{"href":"https:\/\/akadre.de\/en\/wp-json\/wp\/v2\/types\/page"}],"author":[{"embeddable":true,"href":"https:\/\/akadre.de\/en\/wp-json\/wp\/v2\/users\/3"}],"replies":[{"embeddable":true,"href":"https:\/\/akadre.de\/en\/wp-json\/wp\/v2\/comments?post=2505"}],"version-history":[{"count":11,"href":"https:\/\/akadre.de\/en\/wp-json\/wp\/v2\/pages\/2505\/revisions"}],"predecessor-version":[{"id":3126,"href":"https:\/\/akadre.de\/en\/wp-json\/wp\/v2\/pages\/2505\/revisions\/3126"}],"up":[{"embeddable":true,"href":"https:\/\/akadre.de\/en\/wp-json\/wp\/v2\/pages\/2413"}],"wp:attachment":[{"href":"https:\/\/akadre.de\/en\/wp-json\/wp\/v2\/media?parent=2505"}],"curies":[{"name":"wp","href":"https:\/\/api.w.org\/{rel}","templated":true}]}}