{"id":2489,"date":"2024-08-23T14:26:37","date_gmt":"2024-08-23T12:26:37","guid":{"rendered":"https:\/\/akadre.de\/?page_id=2489"},"modified":"2025-05-08T14:53:29","modified_gmt":"2025-05-08T12:53:29","slug":"nursing-german-course","status":"publish","type":"page","link":"https:\/\/akadre.de\/en\/medical-professionals\/nursing-german-course","title":{"rendered":"German B1\/B2 Nursing"},"content":{"rendered":"\n<h1>\n\t\tNurses and Caregivers: <br \/>telc Deutsch B1\/B2 Pflege\n\t<\/h1>\n\t\t\t\t<img loading=\"lazy\" decoding=\"async\" src=\"https:\/\/akadre.de\/wp-content\/uploads\/fachkraefte_pflege_headerbild-jpg.webp\" alt=\"Immigrierte Pflegerin, die in einer deutschen Pflegeeinrichtung arbeitet.\" itemprop=\"image\" height=\"375\" width=\"607\" title=\"fachkraefte_pflege_headerbild\" onerror=\"this.style.display='none'\"  \/>\n<h2>\n\t\tPreparation for the Language Test: <br \/>telc Deutsch B1\/B2 Pflege\n\t<\/h2>\n\t<p><strong>Are you planning to work in the nursing sector in Germany? <\/strong>Our German course in person or online supports you in learning specialist German skills.<\/p>\n<p>With our state-funded German courses in the special module &#8220;Health Care Professions&#8221; you can prepare professionally and effectively for the language test required for your professional recognition. If you want to have your completed training in a healthcare profession recognized in Germany or if you are currently completing training for a healthcare profession abroad and then want to work in Germany, then this course is just right for you.<\/p>\n<p>This course takes place as <strong>face-to-face lessons<\/strong> on site or as an <strong>online language course<\/strong> via video conference (virtual classroom).<\/p>\n\t\t\t\t<img loading=\"lazy\" decoding=\"async\" src=\"https:\/\/akadre.de\/wp-content\/uploads\/teilnahmebedingungen-jpg.webp\" alt=\"Eine junge Frau, die nach dem Unterricht ihre Notizen aus dem Medizinkurs festh\u00e4lt.\" itemprop=\"image\" height=\"621\" width=\"621\" title=\"teilnahmebedingungen\" onerror=\"this.style.display='none'\"  \/>\n<h2>\n\t\tConditions of Participation \n\t<\/h2>\n\t<ul>\n<li>You have a certificate of general or specialist knowledge of German at language level B1<\/li>\n<li>You have submitted or would like to submit an application for recognition or testing of your knowledge in nursing, geriatric care, health care, pediatric nursing or maternity care to the relevant authorities<\/li>\n<li>You have completed training or studies in nursing and health care, geriatric care, pediatric nursing or maternity care in your home country<\/li>\n<li>You already work as a nursing assistant or assistant in a healthcare profession<\/li>\n<li>You would like to work as a nurse, geriatric nurse, health nurse, pediatric nurse or midwife in Germany after completing your training or studies abroad<\/li>\n<\/ul>\n\t\t\t<a href=\"https:\/\/akadre.de\/en\/contact\" target=\"_self\">\n\t\t\t\t\t\t\tTo the inquiry\n\t\t\t<\/a>\n<h2>\n\t\tCourse Content\n\t<\/h2>\n\t<p>In <strong>small groups<\/strong> (6-12 participants), general and technical language skills in a medical context are taught. This course covers topics such as informal communication with patients and relatives (admission, advice, etc.) or specialist communication with colleagues and doctors (handover, prescriptions, reports, care planning and documentation, etc.).<\/p>\n<p>The course ends with the &#8220;telc Deutsch B1\/B2 Pflege&#8221; exam, a language test tailored to healthcare professions. As a participant in the language course, you will be intensively prepared for this. You can also take the exam with us, as we are also <strong>licensed as a telc exam center<\/strong>.<\/p>\n\t\t\t\t<img decoding=\"async\" src=\"https:\/\/akadre.de\/wp-content\/uploads\/kursinhalte_01-jpg.webp\" alt=\"\"\/>\n\t\t\t<h4>Communication with patients and relatives<\/h4>\n\t\t\t\t<p>Admission, advice, etc.<\/p>\n\t\t\t\t<img decoding=\"async\" src=\"https:\/\/akadre.de\/wp-content\/uploads\/kursinhalte_02-jpg.webp\" alt=\"\"\/>\n\t\t\t<h4>Communication with colleagues and doctors<\/h4>\n\t\t\t\t<p>Handover, regulations, reports, care planning and documentation, etc.<\/p>\n\t\t\t\t<img decoding=\"async\" src=\"https:\/\/akadre.de\/wp-content\/uploads\/kursinhalte_03-jpg.webp\" alt=\"\"\/>\n\t\t\t<h4>Discuss <br \/>care models<\/h4>\n\t\t\t\t<p>Understand and apply the basic ABEDL model of care<\/p>\n\t\t\t\t<img decoding=\"async\" src=\"https:\/\/akadre.de\/wp-content\/uploads\/kursinhalte_04-jpg.webp\" alt=\"\"\/>\n\t\t\t<h4>Get to know different work environments<\/h4>\n\t\t\t\t<p>Get to know different work environments\u00a0<\/p>\n\t\t\t\t<img decoding=\"async\" src=\"https:\/\/akadre.de\/wp-content\/uploads\/kursinhalte_05-jpg.webp\" alt=\"\"\/>\n\t\t\t<h4>Use specialist <br \/>vocabulary<\/h4>\n\t\t\t\t<p>Use German terms and medical vocabulary as appropriate to the situation<\/p>\n<h3>\n\t\tExtensive Curriculum \n\t<\/h3>\n\t<p>Our courses are based on a comprehensive curriculum which we have adapted over the years to meet the current challenges of the profession. We use\u00a0<strong>specially developed teaching materials<\/strong>\u00a0to ensure individual and targeted learning. The courses conclude with the prescribed language examination, for which you will be intensively prepared here.<\/p>\n<h3>\n\t\tCertified Language Lecturers\u00a0\n\t<\/h3>\n\t<p>Our teaching is characterized by the fact that it is carried out by\u00a0<strong>certified language lecturers<\/strong>\u00a0in the field of German in healthcare. The colleagues have extensive knowledge of teaching medical terminology and some have already worked in the healthcare sector themselves.<\/p>\n<h3>\n\t\t Specialist Lecturers from the Field \n\t<\/h3>\n\t<p>In addition, we also use\u00a0<strong>specialist lecturers from the field<\/strong>, i.e. nursing managers or nursing specialists with many years of professional experience, to supplement the teaching. Our specialist lecturers provide participants with authentic insights into the German way of working and prepare you intensively for the specialist language examination and the complex communicative requirements of everyday work in conversation simulations.<\/p>\n<h2>\n\t\tLanguage course &#038; exam preparation: telc Deutsch B1\/B2 Pflege (promoted)\n\t<\/h2>\n\t\t\t<p>Duration: 600<\/p>\t\t\t\n\t\t\t\t<p>teaching units*<br \/>(approx. 6 months)<\/p>\n\t\t\t<p>Daily 4 to 5<\/p>\t\t\t\n\t\t\t\tteaching units*<br \/>\n(Monday &#8211; Friday)\n\t\t\t<p>Price0,- \u20ac<\/p>\t\t\t\n\t\t\t\t100%** subsidized<br \/>\nby BAMF or BA\n\t<p>Aim: telc Deutsch B1\/B2 Pflege <\/p>\n\t* 1 TU = 1 teaching unit = 45 minutes<br \/>\n** or partially funded (proportionate cost contribution of \u20ac2.42 per teaching unit). The BAMF or BA requirements apply.\n<h3>\n\t\tAre you interested or do you have any questions? \n\t<\/h3>\n\t<p>We look forward to hearing from you! Feel free to contact us at any time.<\/p>\n\t<ul>\n\t\t<li><a href=\"https:\/\/akadre.de\/en\/contact\" target=\"_self\"  aria-label=\"Gehe zu https:\/\/akadre.de\/en\/contact\">\t\t\n\t\t\t\t<img decoding=\"async\" src=\"https:\/\/akadre.de\/wp-content\/uploads\/icon_telefon.svg\" alt=\"icon_telefon\" title=\"icon_telefon\" itemprop=\"image\"\/>\n\t\tContact Form <\/a><\/li><li><a href=\"tel:+499116006050\" target=\"_self\" rel=\"nofollow\" aria-label=\"Gehe zu tel:+499116006050\">\t\t\n\t\t\t\t<img decoding=\"async\" src=\"https:\/\/akadre.de\/wp-content\/uploads\/icon_kontaktforlular.svg\" alt=\"icon_kontaktforlular\" title=\"icon_kontaktforlular\" itemprop=\"image\"\/>\n\t\tPhone <\/a><\/li><li><a href=\"https:\/\/www.google.de\/maps\/dir\/\/AkadRe+GmbH,+Rothenburger+Str.+245,+90439+N\u00fcrnberg\/@49.4405409,11.0388849,16z\/data=!4m8!4m7!1m0!1m5!1m1!1s0x479f56f1ee3ce22d:0xda68550f6bc931ff!2m2!1d11.0388849!2d49.4405409?entry=ttu\" target=\"_blank\" rel=\"noopener nofollow\" aria-label=\"Gehe zu https:\/\/www.google.de\/maps\/dir\/\/AkadRe+GmbH,+Rothenburger+Str.+245,+90439+N\u00fcrnberg\/@49.4405409,11.0388849,16z\/data=!4m8!4m7!1m0!1m5!1m1!1s0x479f56f1ee3ce22d:0xda68550f6bc931ff!2m2!1d11.0388849!2d49.4405409?entry=ttu\">\t\t\n\t\t\t\t<img decoding=\"async\" src=\"https:\/\/akadre.de\/wp-content\/uploads\/icon_route.svg\" alt=\"icon_route\" title=\"icon_route\" itemprop=\"image\"\/>\n\t\tRoute <\/a><\/li>\t<\/ul>\n<h2>\n\t\tFurther Services for Nurses and Caregivers\n\t<\/h2>\n\t<a href=\"https:\/\/akadre.de\/en\/medical-professionals\/nursing-recognition-visa\" target=\"_self\"  aria-label=\"Gehe zu https:\/\/akadre.de\/en\/medical-professionals\/nursing-recognition-visa\"><\/a>\t\t\t\t\n\t\t\t<p>Recognition and Visa<\/p>\t\t\t\n\t\t\t\t<a href=\"https:\/\/akadre.de\/en\/medical-professionals\/nursing-recognition-visa\"  target=\"_self\" itemprop=\"url\">\n\t\t\t\t<img loading=\"lazy\" decoding=\"async\" src=\"https:\/\/akadre.de\/wp-content\/uploads\/anerkennung-jpg.webp\" alt=\"Dokumente, die die deutschen Beh\u00f6rden ben\u00f6tigen, damit sich Immigranten in Deutschland aufhalten d\u00fcrfen.\" itemprop=\"image\" height=\"621\" width=\"621\" title=\"anerkennung\" onerror=\"this.style.display='none'\"  \/>\n\t\t\t\t<\/a>\n\t\t\t\t<a href=\"https:\/\/akadre.de\/en\/nursing-professionals\/medicine-job-placement\"  target=\"_self\" itemprop=\"url\">\n\t\t\t\t<img loading=\"lazy\" decoding=\"async\" src=\"https:\/\/akadre.de\/wp-content\/uploads\/pflege_arbeitsvermittlung-jpg.webp\" alt=\"Ein internationaler Pfleger hilft einer Rentnerin beim Laufen.\" itemprop=\"image\" height=\"621\" width=\"621\" title=\"pflege_arbeitsvermittlung\" onerror=\"this.style.display='none'\"  \/>\n\t\t\t\t<\/a>\n\t<a href=\"https:\/\/akadre.de\/ennursing-professionals\/medicine-job-placement\" target=\"_self\"  aria-label=\"Gehe zu https:\/\/akadre.de\/ennursing-professionals\/medicine-job-placement\"><\/a>\n\t\t\t<p>Job Placement <\/p>\t\t\t\t\t\t\n\n","protected":false},"excerpt":{"rendered":"<p>Nurses and Caregivers: telc Deutsch B1\/B2 Pflege Preparation for the Language Test: telc Deutsch B1\/B2 Pflege Are you planning to work in the nursing sector in Germany? Our German course&hellip;<\/p>\n","protected":false},"author":3,"featured_media":0,"parent":2413,"menu_order":2,"comment_status":"closed","ping_status":"closed","template":"","meta":{"footnotes":""},"class_list":["post-2489","page","type-page","status-publish","hentry"],"_links":{"self":[{"href":"https:\/\/akadre.de\/en\/wp-json\/wp\/v2\/pages\/2489","targetHints":{"allow":["GET"]}}],"collection":[{"href":"https:\/\/akadre.de\/en\/wp-json\/wp\/v2\/pages"}],"about":[{"href":"https:\/\/akadre.de\/en\/wp-json\/wp\/v2\/types\/page"}],"author":[{"embeddable":true,"href":"https:\/\/akadre.de\/en\/wp-json\/wp\/v2\/users\/3"}],"replies":[{"embeddable":true,"href":"https:\/\/akadre.de\/en\/wp-json\/wp\/v2\/comments?post=2489"}],"version-history":[{"count":10,"href":"https:\/\/akadre.de\/en\/wp-json\/wp\/v2\/pages\/2489\/revisions"}],"predecessor-version":[{"id":3125,"href":"https:\/\/akadre.de\/en\/wp-json\/wp\/v2\/pages\/2489\/revisions\/3125"}],"up":[{"embeddable":true,"href":"https:\/\/akadre.de\/en\/wp-json\/wp\/v2\/pages\/2413"}],"wp:attachment":[{"href":"https:\/\/akadre.de\/en\/wp-json\/wp\/v2\/media?parent=2489"}],"curies":[{"name":"wp","href":"https:\/\/api.w.org\/{rel}","templated":true}]}}