{"id":2450,"date":"2024-08-23T11:14:10","date_gmt":"2024-08-23T09:14:10","guid":{"rendered":"https:\/\/akadre.de\/?page_id=2450"},"modified":"2025-05-08T14:56:06","modified_gmt":"2025-05-08T12:56:06","slug":"dentistry-german-course","status":"publish","type":"page","link":"https:\/\/akadre.de\/en\/medical-professionals\/dentistry-german-course","title":{"rendered":"German C1 Dentistry"},"content":{"rendered":"\n<h1>\n\t\tDentists: FSP Preparation <br \/>German C1 \n\t<\/h1>\n\t\t\t\t<img loading=\"lazy\" decoding=\"async\" src=\"https:\/\/akadre.de\/wp-content\/uploads\/fachkraefte_zahnmedizin_headerbild-jpg.webp\" alt=\"Immigrierter Zahnarzt, der in einer deutschen Zahnarztpraxis arbeitet.\" itemprop=\"image\" height=\"375\" width=\"607\" title=\"fachkraefte_zahnmedizin_headerbild\" onerror=\"this.style.display='none'\"  \/>\n<h2>\n\t\tPreparation for the Specialist Language Test (FSP): German C1 Dentistry\n\t<\/h2>\n\t<p><strong>Do you need specialist language skills for your work as a dentist in Germany?\u00a0<\/strong>Our FSP preparation course, available in person and online, gives you the necessary German skills!<\/p>\n<p>With our state-funded German courses in the special module &#8220;Academic Health Professions&#8221; you can prepare professionally and effectively for the specialist language test (FSP) of your respective state dental association (all federal states). If you are a dentist, are in the process of recognizing your foreign professional qualifications and intend to take an exam to prove your work-related language skills, then this type of course is just right for you. <\/p>\n<p>This FSP preparation course takes place as <strong>face-to-face lessons<\/strong> on site or as an <strong>online language course<\/strong> via video conference (virtual classroom).<\/p>\n\t\t\t\t<img loading=\"lazy\" decoding=\"async\" src=\"https:\/\/akadre.de\/wp-content\/uploads\/teilnahmebedingungen_02-jpg.webp\" alt=\"teilnahmebedingungen_02\" itemprop=\"image\" height=\"621\" width=\"621\" title=\"teilnahmebedingungen_02\" onerror=\"this.style.display='none'\"  \/>\n<h2>\n\t\tConditions of Participation \n\t<\/h2>\n\t<ul>\n<li>You have a first language other than German<\/li>\n<li>You have completed a dental degree in your home country<\/li>\n<li>You have a certificate or certificate of general or subject-specific German language skills at language level B2<\/li>\n<li>You are aiming to work as a dentist in Germany<\/li>\n<li>As part of the recognition of your profession, you intend to submit an application for a license to practice medicine to the relevant state authorities<\/li>\n<\/ul>\n\t\t\t<a href=\"https:\/\/akadre.de\/en\/contact\" target=\"_self\">\n\t\t\t\t\t\t\tTo the inquiry\n\t\t\t<\/a>\n<h2>\n\t\tCourse Content\n\t<\/h2>\n\t<p>In <strong>small groups<\/strong> (8-20 participants), general and technical language skills in a dental context are taught. This is done on the basis of topics that are particularly relevant to the areas of dentist\/dentist communication, dentist\/patient communication, team communication and written documentation.<\/p>\n\t\t\t\t<img decoding=\"async\" src=\"https:\/\/akadre.de\/wp-content\/uploads\/kursinhalte_01-jpg.webp\" alt=\"\"\/>\n\t\t\t<h4>Admitting <br \/>patients\u00a0<\/h4>\n\t\t\t\t<p>Taking anamnesis<\/p>\n\t\t\t\t<img decoding=\"async\" src=\"https:\/\/akadre.de\/wp-content\/uploads\/kursinhalte_02-jpg.webp\" alt=\"\"\/>\n\t\t\t<h4>Communication <br \/>with colleagues<\/h4>\n\t\t\t\t<p>Present patients and their medical history both in writing and orally using medical terminology<\/p>\n\t\t\t\t<img decoding=\"async\" src=\"https:\/\/akadre.de\/wp-content\/uploads\/kursinhalte_03-jpg.webp\" alt=\"\"\/>\n\t\t\t<h4>\u00a0Making\u00a0<br \/>diagnoses<\/h4>\n\t\t\t\t<p>Physical examinations, laboratory examinations, instrumental examinations and informing patients about them<\/p>\n\t\t\t\t<img decoding=\"async\" src=\"https:\/\/akadre.de\/wp-content\/uploads\/kursinhalte_04-jpg.webp\" alt=\"\"\/>\n\t\t\t<h4>Recommend and justify therapies<\/h4>\n\t\t\t\t<p>&nbsp;<\/p>\n\t\t\t\t<img decoding=\"async\" src=\"https:\/\/akadre.de\/wp-content\/uploads\/kursinhalte_05-jpg.webp\" alt=\"\"\/>\n\t\t\t<h4>Use specialist <br \/>vocabulary<\/h4>\n\t\t\t\t<p>Use German terms and medical vocabulary as appropriate to the situation<\/p>\n<h3>\n\t\tExtensive Curriculum \n\t<\/h3>\n\t<p>Our courses are based on a comprehensive curriculum which we have adapted over the years to meet the current challenges of the profession. We use<strong>\u00a0specially developed teaching materials<\/strong>\u00a0to ensure individual and targeted learning. The courses conclude with the prescribed technical language examination, for which you will be intensively prepared here.<\/p>\n<h3>\n\t\tCertified Language Lecturers\n\t<\/h3>\n\t<p>Our teaching is characterized by the fact that it is carried out by\u00a0<strong>certified language lecturers<\/strong>\u00a0in the field of German for dentistsprofessionals or German for dentists. The colleagues have extensive knowledge of teaching dental terminology and some have already worked in the healthcare sector themselves.<\/p>\n<h3>\n\t\tSpecialist Lecturers from the Field\n\t<\/h3>\n\t<p>In addition, we also use\u00a0<strong>specialist lecturers from the field<\/strong>, i.e. practicing dentists with many years of professional experience, to supplement the teaching. Our specialist lecturers provide participants with authentic insights into the German way of working and prepare you intensively for the specialist language examination and the complex communicative requirements of everyday dental work in conversation simulations.<\/p>\n<h2>\n\t\tLanguage course &#038; FSP preparation: German C1 Dentistry (promoted)\n\t<\/h2>\n\t\t\t<p>Duration: 400-600<\/p>\t\t\t\n\t\t\t\tteaching units*<br \/>\n(4-6 months)\n\t\t\t<p>Daily 4 to 5<\/p>\t\t\t\n\t\t\t\tteaching units*<br \/>\n(Monday &#8211; Friday)\n\t\t\t<p>Price0,- \u20ac<\/p>\t\t\t\n\t\t\t\t100%** subsidized<br \/>\nby BAMF or BA\n\t<p>Aim:\u00a0Specialized language examination (FSP) of the German dental associations<\/p>\n\t* 1 TU = 1 teaching unit = 45 minutes<br \/>\n** or partially funded (proportionate cost contribution of \u20ac2.42 per teaching unit). The BAMF or BA requirements apply.\n<h3>\n\t\tAre you interested or do you have any questions? \n\t<\/h3>\n\t<p>We look forward to hearing from you! Feel free to contact us at any time.<\/p>\n\t<ul>\n\t\t<li><a href=\"https:\/\/akadre.de\/en\/contact\" target=\"_self\"  aria-label=\"Gehe zu https:\/\/akadre.de\/en\/contact\">\t\t\n\t\t\t\t<img decoding=\"async\" src=\"https:\/\/akadre.de\/wp-content\/uploads\/icon_telefon.svg\" alt=\"icon_telefon\" title=\"icon_telefon\" itemprop=\"image\"\/>\n\t\tContact Form <\/a><\/li><li><a href=\"tel:+499116006050\" target=\"_self\" rel=\"nofollow\" aria-label=\"Gehe zu tel:+499116006050\">\t\t\n\t\t\t\t<img decoding=\"async\" src=\"https:\/\/akadre.de\/wp-content\/uploads\/icon_kontaktforlular.svg\" alt=\"icon_kontaktforlular\" title=\"icon_kontaktforlular\" itemprop=\"image\"\/>\n\t\tPhone <\/a><\/li><li><a href=\"https:\/\/www.google.de\/maps\/dir\/\/AkadRe+GmbH,+Rothenburger+Str.+245,+90439+N\u00fcrnberg\/@49.4405409,11.0388849,16z\/data=!4m8!4m7!1m0!1m5!1m1!1s0x479f56f1ee3ce22d:0xda68550f6bc931ff!2m2!1d11.0388849!2d49.4405409?entry=ttu\" target=\"_blank\" rel=\"noopener nofollow\" aria-label=\"Gehe zu https:\/\/www.google.de\/maps\/dir\/\/AkadRe+GmbH,+Rothenburger+Str.+245,+90439+N\u00fcrnberg\/@49.4405409,11.0388849,16z\/data=!4m8!4m7!1m0!1m5!1m1!1s0x479f56f1ee3ce22d:0xda68550f6bc931ff!2m2!1d11.0388849!2d49.4405409?entry=ttu\">\t\t\n\t\t\t\t<img decoding=\"async\" src=\"https:\/\/akadre.de\/wp-content\/uploads\/icon_route.svg\" alt=\"icon_route\" title=\"icon_route\" itemprop=\"image\"\/>\n\t\tRoute <\/a><\/li>\t<\/ul>\n<h2>\n\t\tFurther Services for Dentists\n\t<\/h2>\n\t<a href=\"https:\/\/akadre.de\/en\/medical-professionals\/dentists-recognition-visa\" target=\"_self\"  aria-label=\"Gehe zu https:\/\/akadre.de\/en\/medical-professionals\/dentists-recognition-visa\"><\/a>\t\t\t\t\n\t\t\t<p> Recognition and Visa<\/p>\t\t\t\n\t\t\t\t<a href=\"https:\/\/akadre.de\/en\/medical-professionals\/dentists-recognition-visa\"  target=\"_self\" itemprop=\"url\">\n\t\t\t\t<img loading=\"lazy\" decoding=\"async\" src=\"https:\/\/akadre.de\/wp-content\/uploads\/anerkennung-jpg.webp\" alt=\"Dokumente, die die deutschen Beh\u00f6rden ben\u00f6tigen, damit sich Immigranten in Deutschland aufhalten d\u00fcrfen.\" itemprop=\"image\" height=\"621\" width=\"621\" title=\"anerkennung\" onerror=\"this.style.display='none'\"  \/>\n\t\t\t\t<\/a>\n\t\t\t\t<a href=\"https:\/\/akadre.de\/en\/medical-professionals\/dentistry-job-placement\"  target=\"_self\" itemprop=\"url\">\n\t\t\t\t<img loading=\"lazy\" decoding=\"async\" src=\"https:\/\/akadre.de\/wp-content\/uploads\/arbeitsvermittlung-jpg.webp\" alt=\"Ein Oberarzt und Assistenzarzt besprechen eine Patientenakte.\" itemprop=\"image\" height=\"621\" width=\"621\" title=\"arbeitsvermittlung\" onerror=\"this.style.display='none'\"  \/>\n\t\t\t\t<\/a>\n\t<a href=\"https:\/\/akadre.de\/en\/medical-professionals\/dentistry-job-placement\" target=\"_self\"  aria-label=\"Gehe zu https:\/\/akadre.de\/en\/medical-professionals\/dentistry-job-placement\"><\/a>\n\t\t\t<p> Job Placement <\/p>\t\t\t\t\t\t\n\n","protected":false},"excerpt":{"rendered":"<p>Dentists: FSP Preparation German C1 Preparation for the Specialist Language Test (FSP): German C1 Dentistry Do you need specialist language skills for your work as a dentist in Germany?\u00a0Our FSP&hellip;<\/p>\n","protected":false},"author":3,"featured_media":0,"parent":2413,"menu_order":2,"comment_status":"closed","ping_status":"closed","template":"","meta":{"footnotes":""},"class_list":["post-2450","page","type-page","status-publish","hentry"],"_links":{"self":[{"href":"https:\/\/akadre.de\/en\/wp-json\/wp\/v2\/pages\/2450","targetHints":{"allow":["GET"]}}],"collection":[{"href":"https:\/\/akadre.de\/en\/wp-json\/wp\/v2\/pages"}],"about":[{"href":"https:\/\/akadre.de\/en\/wp-json\/wp\/v2\/types\/page"}],"author":[{"embeddable":true,"href":"https:\/\/akadre.de\/en\/wp-json\/wp\/v2\/users\/3"}],"replies":[{"embeddable":true,"href":"https:\/\/akadre.de\/en\/wp-json\/wp\/v2\/comments?post=2450"}],"version-history":[{"count":12,"href":"https:\/\/akadre.de\/en\/wp-json\/wp\/v2\/pages\/2450\/revisions"}],"predecessor-version":[{"id":3128,"href":"https:\/\/akadre.de\/en\/wp-json\/wp\/v2\/pages\/2450\/revisions\/3128"}],"up":[{"embeddable":true,"href":"https:\/\/akadre.de\/en\/wp-json\/wp\/v2\/pages\/2413"}],"wp:attachment":[{"href":"https:\/\/akadre.de\/en\/wp-json\/wp\/v2\/media?parent=2450"}],"curies":[{"name":"wp","href":"https:\/\/api.w.org\/{rel}","templated":true}]}}