{"id":2399,"date":"2020-11-04T23:46:01","date_gmt":"2020-11-04T22:46:01","guid":{"rendered":"https:\/\/akadre.de\/home"},"modified":"2025-09-23T13:02:09","modified_gmt":"2025-09-23T11:02:09","slug":"home","status":"publish","type":"page","link":"https:\/\/akadre.de\/en","title":{"rendered":"Home EN"},"content":{"rendered":"\n<h1  data-animation-delay=\"0\" data-animation-duration=\"1\">\n\t\t\tFrom Your Arrival in Germany to Your First Job &#8211; Everything from a Single Source.\t<\/h1>\n\tProfessional recognition,<br \/>\nGerman language courses and<br \/>\njob placement for the healthcare sector.\n\t\t\t<a href=\"https:\/\/akadre.de\/en\/contact\" target=\"_self\">\n\t\t\t\t\t\t\tContact us\n\t\t\t<\/a>\n<h2>\n\t\t\tCompetence in the Healthcare Sector\t<\/h2>\n\t<p>Together for Success: International Specialists in Germany<\/p>\n\t<p>AkadRe is a specialized training company that supports international medical professionals on their way to obtaining a license to practice medicine or a professional permit in Germany. With our integrated offer of individual advice, German language courses and qualified job placement, we accompany international doctors, dentists, pharmacists, nurses and physiotherapists. We support them from their arrival in Germany to successful professional recognition and their first job in their respective specialist field.<\/p>\n\t\t\t\t\t\t<p>More Information<\/p>\n\t\t\t<p>We offer solutions for private individuals as well as for institutions such as hospitals, surgeries, pharmacies, care facilities and authorities. In addition, we mediate between participants and institutions in order to fill vacant positions or find practice successors.<\/p>\n<p>Our aim is to counteract the shortage of specialists in the healthcare sector and at the same time enable motivated specialists to integrate successfully in German.<\/p>\n\t\t\t\t<img decoding=\"async\" src=\"https:\/\/akadre.de\/wp-content\/uploads\/home_leistungen_fachkraefte-jpg.webp\" alt=\"\" itemprop=\"image\" onerror=\"this.style.display='none'\" loading=\"lazy\" \/>\n<h2>\n\t\t\tOur Services for <br \/>Medical Professionals\t<\/h2>\n\t<p>We support academic and non-academic healthcare professionals in gaining a foothold in Germany and finding their way in the German job market. We support them from their arrival in Germany through successful professional recognition to their first job in their respective field.<\/p>\n<p>We support international doctors, dentists, pharmacists, nurses and physiotherapists.<\/p>\n\t\t\t<a href=\"https:\/\/akadre.de\/en\/course-overview\" target=\"_self\">\n\t\t\t\t\t\t\tOur Courses\n\t\t\t<\/a>\n<h2>\n\t\t\tSpecialized Areas\t<\/h2>\n\t\t\t\t<img decoding=\"async\" src=\"https:\/\/akadre.de\/wp-content\/uploads\/home_fachbereiche_medizin-jpg.webp\" alt=\"\"\/>\n\t\t\t<h4>Medicine <\/h4>\n\t\t\t\t<ul><li><a href=\"https:\/\/akadre.de\/en\/medical-professionals\/medicine-recognition-visa\">Recognition and Visa<\/a><\/li><li><a href=\"https:\/\/akadre.de\/en\/medical-professionals\/medicine-german-course\">German C1 Medicine<\/a><\/li><li><a href=\"https:\/\/akadre.de\/en\/medical-professionals\/medicine-job-placement\">Job Placement<\/a><\/li><\/ul>\n\t\t\t\t<img decoding=\"async\" src=\"https:\/\/akadre.de\/wp-content\/uploads\/home_fachbereiche_zahmedizin-jpg.webp\" alt=\"\"\/>\n\t\t\t<h4>Dentistry<\/h4>\n\t\t\t\t<ul><li><a href=\"https:\/\/akadre.de\/en\/medical-professionals\/dentists-recognition-visa\">Recognition and Visa<\/a><\/li><li><a href=\"https:\/\/akadre.de\/en\/medical-professionals\/dentistry-german-course\">German C1 Dentistry<\/a><\/li><li><a href=\"https:\/\/akadre.de\/en\/medical-professionals\/dentistry-job-placement\">Job Placement<\/a><\/li><\/ul>\n\t\t\t\t<img decoding=\"async\" src=\"https:\/\/akadre.de\/wp-content\/uploads\/home_fachbereiche_pharmazie-jpg.webp\" alt=\"\"\/>\n\t\t\t<h4>Pharmacy<\/h4>\n\t\t\t\t<ul><li><a href=\"https:\/\/akadre.de\/en\/medical-professionals\/pharmacy-recognition-visa\">Recognition and Visa<\/a><\/li><li><a href=\"https:\/\/akadre.de\/en\/medical-professionals\/pharmacy-german-course\">German C1 Pharmacy<\/a><\/li><li><a href=\"https:\/\/akadre.de\/en\/medical-professionals\/pharmacy-job-placement\">Job Placement<\/a><\/li><\/ul>\n\t\t\t\t<img decoding=\"async\" src=\"https:\/\/akadre.de\/wp-content\/uploads\/home_fachbereiche_pflege-jpg.webp\" alt=\"\"\/>\n\t\t\t<h4>Nursing <\/h4>\n\t\t\t\t<ul><li><a href=\"https:\/\/akadre.de\/en\/medical-professionals\/nursing-recognition-visa\">Recognition and Visa<\/a><\/li><li><a href=\"https:\/\/akadre.de\/en\/medical-professionals\/nursing-german-course\">German B2 Nursing<\/a><\/li><li><a href=\"https:\/\/akadre.de\/en\/medical-professionals\/nursing-job-placement\">Job Placement<\/a><\/li><\/ul>\n\t\t\t\t<img decoding=\"async\" src=\"https:\/\/akadre.de\/wp-content\/uploads\/home_fachbereiche_physiotherapie-jpg.webp\" alt=\"\"\/>\n\t\t\t<h4>Physiotherapy <\/h4>\n\t\t\t\t<ul><li><a href=\"https:\/\/akadre.de\/en\/medical-professionals\/physiotherapy-recognition-visa\">Recognition and Visa<\/a><\/li><li><a href=\"https:\/\/akadre.de\/en\/medical-professionals\/physiotherapy-german-course\">German B2 Physiotherapy<\/a><\/li><li><a href=\"https:\/\/akadre.de\/en\/medical-professionals\/physiotherapy-job-placement\">Job Placement<\/a><\/li><\/ul>\n<h2>\n\t\t\tUnsere Leistungen <br \/>f\u00fcr medizinische Einrichtungen\t<\/h2>\n\t<p>Wir unterst\u00fctzen Ihre Mitarbeiter dabei, in Deutschland Fu\u00df zu fassen und sich nachhaltig in Ihr Team zu integrieren.\u00a0Dies gelingt durch unsere fachsprachlichen Deutschkurse C1 f\u00fcr akademische Heilberufe und B2 f\u00fcr Gesundheitsfachberufe sowie durch unsere Personalvermittlung.<\/p>\n\t\t\t\t<a href=\"https:\/\/akadre.de\/einrichtungen\/fachsprachliche-deutschkurse-b2-c1\"  target=\"_self\" itemprop=\"url\">\n\t\t\t\t<img decoding=\"async\" src=\"https:\/\/akadre.de\/wp-content\/uploads\/home_einrichtungen_c1-jpg.webp\" alt=\"Vier internationale medizinische Fachkr\u00e4fte aus verschiedenen lateinamerikanischen und afrikanischen L\u00e4ndern.\" itemprop=\"image\" height=\"389\" width=\"413\" title=\"home_einrichtungen_c1\" onerror=\"this.style.display='none'\" loading=\"lazy\" \/>\n\t\t\t\t<\/a>\n<h3>\n\t\t\tFachsprachliche Kurse B2-C1 \t<\/h3>\n\tFSP-Vorbereitung f\u00fcr akademische Heilberufe (\u00c4rzte &amp; \u00c4rztinnen, Zahn\u00e4rzte und Zahn\u00e4rztinnen sowie Apotheker &amp; Apothekerinnen) und Gesundheitsfachkr\u00e4fte (Pflegekr\u00e4fte &amp; Pflegefachkr\u00e4fte<br \/>\nsowie Physiotherapeuten &amp; Physiotherapeutinnen).\n\t<a href=\"https:\/\/akadre.de\/einrichtungen\/fachsprachliche-deutschkurse-b2-c1\" target=\"_self\"  aria-label=\"Gehe zu https:\/\/akadre.de\/einrichtungen\/fachsprachliche-deutschkurse-b2-c1\"><\/a>\n\t\t<p>Erfahren Sie mehr<\/p>\t\t\t\n\t\t\t\t<a href=\"https:\/\/akadre.de\/einrichtungen\/personalvermittlung\"  target=\"_self\" itemprop=\"url\">\n\t\t\t\t<img decoding=\"async\" src=\"https:\/\/akadre.de\/wp-content\/uploads\/home_einrichtungen_personalvermittlung-jpg.webp\" alt=\"Ein \u00e4lterer Arzt mit grauen Haaren, der einem Pfleger eine Patientenakte erl\u00e4utert.\" itemprop=\"image\" height=\"389\" width=\"413\" title=\"home_einrichtungen_personalvermittlung\" onerror=\"this.style.display='none'\" loading=\"lazy\" \/>\n\t\t\t\t<\/a>\n<h3>\n\t\t\tPersonalvermittlung (Vermittlung von Fachkr\u00e4ften)\t<\/h3>\n\t<p>Finden Sie durch uns hochqualifizierte internationale medizinische Fachkr\u00e4fte f\u00fcr Ihre Einrichtung.<\/p>\n\t<a href=\"https:\/\/akadre.de\/einrichtungen\/personalvermittlung\" target=\"_self\"  aria-label=\"Gehe zu https:\/\/akadre.de\/einrichtungen\/personalvermittlung\"><\/a>\n\t\t<p>Erfahren Sie mehr<\/p>\t\t\t\n<h3>\n\t\t\tHaben Sie Interesse oder Fragen dazu? \t<\/h3>\n\t<p>Wir freuen uns auf Ihre Nachricht! Kontaktieren Sie uns gerne jederzeit.<\/p>\n\t<ul>\n\t\t<li><a href=\"\/kontakt\" target=\"_self\"  aria-label=\"Gehe zu \/kontakt\">\t\t\n\t\t\t\t<img decoding=\"async\" src=\"https:\/\/akadre.de\/wp-content\/uploads\/icon_telefon.svg\" alt=\"icon_telefon\" title=\"icon_telefon\" itemprop=\"image\"\/>\n\t\tKontaktformular<\/a><\/li><li><a href=\"tel:+499116006050\" target=\"_self\" rel=\"nofollow\" aria-label=\"Gehe zu tel:+499116006050\">\t\t\n\t\t\t\t<img decoding=\"async\" src=\"https:\/\/akadre.de\/wp-content\/uploads\/icon_kontaktforlular.svg\" alt=\"icon_kontaktforlular\" title=\"icon_kontaktforlular\" itemprop=\"image\"\/>\n\t\tTelefon<\/a><\/li><li><a href=\"https:\/\/www.google.de\/maps\/dir\/\/AkadRe+GmbH,+Rothenburger+Str.+245,+90439+N\u00fcrnberg\/@49.4405409,11.0388849,16z\/data=!4m8!4m7!1m0!1m5!1m1!1s0x479f56f1ee3ce22d:0xda68550f6bc931ff!2m2!1d11.0388849!2d49.4405409?entry=ttu\" target=\"_blank\" rel=\"noopener nofollow\" aria-label=\"Gehe zu https:\/\/www.google.de\/maps\/dir\/\/AkadRe+GmbH,+Rothenburger+Str.+245,+90439+N\u00fcrnberg\/@49.4405409,11.0388849,16z\/data=!4m8!4m7!1m0!1m5!1m1!1s0x479f56f1ee3ce22d:0xda68550f6bc931ff!2m2!1d11.0388849!2d49.4405409?entry=ttu\">\t\t\n\t\t\t\t<img decoding=\"async\" src=\"https:\/\/akadre.de\/wp-content\/uploads\/icon_route.svg\" alt=\"icon_route\" title=\"icon_route\" itemprop=\"image\"\/>\n\t\tRoute<\/a><\/li>\t<\/ul>\n\t\t\t\t<img decoding=\"async\" src=\"https:\/\/akadre.de\/wp-content\/uploads\/home_motivation-jpg.webp\" alt=\"Inhaber und Mitarbeiter einer Sprachschule in einer Besprechung.\" itemprop=\"image\" height=\"705\" width=\"705\" title=\"home_motivation\" onerror=\"this.style.display='none'\" loading=\"lazy\" \/>\n<h3>\n\t\t\tOur Motivation\t<\/h3>\n\t<p>As an owner-managed family business, we have been active in the fields of education, language and integration for over 15 years. In addition to AkadRe GmbH, we also run the <strong><a href=\"https:\/\/www.maskzentrum.de\/en\" target=\"_blank\" rel=\"noopener\">MASK Zentrum<\/a><\/strong> as a language school and certified telc examination center.<\/p>\n<p>We attach great importance to building long-term relationships with our customers. We promote the trust required for this with individual support and first-class service quality. Our corporate culture is characterized by flat hierarchies and short decision-making paths, so that our employees can carry out their diverse tasks with a high degree of personal responsibility.<\/p>\n\t\t\t<a href=\"https:\/\/akadre.de\/en\/about-us\" target=\"_self\">\n\t\t\t\t\t\t\tFind out more about us\n\t\t\t<\/a>\n<h2>\n\t\t\tOur Strengths\t<\/h2>\n\t\t\t\t<img decoding=\"async\" src=\"https:\/\/akadre.de\/wp-content\/uploads\/icon_expertise.svg\" alt=\"icon_expertise\" title=\"icon_expertise\" itemprop=\"image\"\/>\n\t\t\t<p>Expertise and experience<\/p>\t\t\t\n\t\t\t\t<ul>\n<li>More than 15 years of experience<\/li>\n<li>A curriculum tailored to the practice<\/li>\n<\/ul>\n\t\t\t\t<img decoding=\"async\" src=\"https:\/\/akadre.de\/wp-content\/uploads\/icon_zertifikate_schwarz.svg\" alt=\"icon_zertifikate_schwarz\" title=\"icon_zertifikate_schwarz\" itemprop=\"image\"\/>\n\t\t\t<p>Certified language lecturers <\/p>\t\t\t\n\t\t\t\t<p>each with specializations in the fields of human medicine, dentistry, pharmacy, nursing or physiotherapy<\/p>\n\t\t\t\t<img decoding=\"async\" src=\"https:\/\/akadre.de\/wp-content\/uploads\/icon_netzwerk.svg\" alt=\"icon_netzwerk\" title=\"icon_netzwerk\" itemprop=\"image\"\/>\n\t\t\t<p>Nationwide network<\/p>\t\t\t\n\t\t\t\t<ul>\n<li>Clinics, pharmacies, medical practices andcare facilities throughout Germany<\/li>\n<li>Participants throughout Germany<\/li>\n<li>Authorities, offices and chambers<\/li>\n<\/ul>\n\t\t\t\t<img decoding=\"async\" src=\"https:\/\/akadre.de\/wp-content\/uploads\/icon_fachdozenten_schwarz.svg\" alt=\"icon_fachdozenten_schwarz\" title=\"icon_fachdozenten_schwarz\" itemprop=\"image\"\/>\n\t\t\t<p>Specialized lecturers with practical experience<\/p>\t\t\t\n\t\t\t\t<ul>\n<li>Rehearsals of everyday clinical practice in group work and simulations<\/li>\n<li>Gain valuable insights beyond the language course, e.g. into the healthcare system or health insurance system<\/li>\n<\/ul>\n\t\t\t\t<img decoding=\"async\" src=\"https:\/\/akadre.de\/wp-content\/uploads\/icon_foerderung_schwarz.svg\" alt=\"icon_foerderung_schwarz\" title=\"icon_foerderung_schwarz\" itemprop=\"image\"\/>\n\t\t\t<p>State funding<\/p>\t\t\t\n\t\t\t\t<ul>\n<li>By the BAMF, the BA, the BMAS and the BMI<\/li>\n<li>Realization of adequate course durations of 6 months full-time per level<\/li>\n<\/ul>\n<h3>\n\t\t\tFrequently Asked Questions\t<\/h3>\n\t\t\t\t\t\tHow much does the course cost?\n\t\t\t<p>The course is either<strong> free of charge<\/strong> (100% funded by BAMF or BA) or you have to pay a <strong>pro rata fee<\/strong> (\u20ac 2.56 per teaching unit; partially funded by BAMF or BA).<\/p>\n\t\t\t\t\t\tWhere does the course take place?\n\t\t\t<p>Either on site in Nuremberg at one of our three locations or online at your home.<\/p>\n\t\t\t\t\t\tHow long does a course last?\n\t\t\t<p>A course usually comprises 600 teaching units and lasts approx. 6 months.<\/p>\n\t\t\t\t\t\tHow can I register for the course?\n\t\t\t<p>Call us on 0911 \/ 600 60 50 or <a href=\"en\/course-registration\">use the contact form<\/a>.<\/p>\n<h3>\n\t\t\tJoin Our Team!\t<\/h3>\n\t<p>Help us to counteract the shortage of skilled workers and enable motivated people to integrate successfully in Germany. Become part of our dynamic and international team.<\/p>\n\t<a href=\"https:\/\/akadre.de\/en\/about-us\/career\" target=\"_self\"  aria-label=\"Gehe zu https:\/\/akadre.de\/en\/about-us\/career\"><\/a>\n\t\t\t<p>A career with us!<\/p>\t\t\t\t\n<h2  data-animation-delay=\"0\" data-animation-duration=\"1\">\n\t\t\tReviews\t<\/h2>\n\t\t\t\t\t\t\t\tLB: \n\t\t\t\t\t\t\tFilled starFilled starFilled starFilled starFilled star\n\t\t\t\t\t\t\t<p>Wonderful language school. I think this school is mega cool for dentists. I did the course with Mrs. H. and Mrs. B. I passed FSP in Bavaria last week for the first time. Thank you dear Mrs. H. and Mrs. B.\u2665\ufe0f\u2665\ufe0f\u2665\ufe0f<\/p>\n\t\t\t\t\t\t\t\tAmela:\n\t\t\t\t\t\t\tFilled starFilled starFilled starFilled starFilled star\n\t\t\t\t\t\t\t<p>Very helpful lessons with exam simulations. The simulations were very helpful and they prepared me well for the real exam &#8230;.. just like the exam. I passed the exam the first time. Lots of new phrases &amp; tips for communicating with patients. I can really recommend the course (C1 for human medicine) at the MASK center to everyone.<\/p>\n\t\t\t\t\t\t\t\tNataliia:\n\t\t\t\t\t\t\tFilled starFilled starFilled starFilled starFilled star\n\t\t\t\t\t\t\t<p>Thanks to the teachers of my course, I prepared for the FSP, I passed the exam and got a lot of information I need, thank you!<\/p>\n\t\t\t\t<img decoding=\"async\" src=\"https:\/\/akadre.de\/wp-content\/uploads\/bb-plugin\/cache\/aerztin_kurzinterview-jpg-circle.webp\" alt=\"Eine indische \u00c4rztin, die erfolgreich und zufrieden in einer Klinik in Unterfranken in Bayern arbeitet.\" title=\"aerztin_kurzinterview\" itemprop=\"image\"\/>\n\t\t\t\t\t\t\tShort interview Sayanti\t\t\t\t\t\t\t\n\t\t\t\t\t\t\t\t<b>Q:<\/b> How did our employment agency help you find your current job?\t\t\t\t\t\t\t\n\t\t\t\t\t\t<p><strong>A: <\/strong>I saw a Facebook post from AkadRe and made contact. Konstantin helped me with everything with a lot of patience.<\/p>\n\t\n","protected":false},"excerpt":{"rendered":"<p>From Your Arrival in Germany to Your First Job &#8211; Everything from a Single Source. Professional recognition, German language courses and job placement for the healthcare sector. Contact us Competence&hellip;<\/p>\n","protected":false},"author":3,"featured_media":0,"parent":0,"menu_order":0,"comment_status":"closed","ping_status":"closed","template":"","meta":{"footnotes":""},"class_list":["post-2399","page","type-page","status-publish","hentry"],"_links":{"self":[{"href":"https:\/\/akadre.de\/en\/wp-json\/wp\/v2\/pages\/2399","targetHints":{"allow":["GET"]}}],"collection":[{"href":"https:\/\/akadre.de\/en\/wp-json\/wp\/v2\/pages"}],"about":[{"href":"https:\/\/akadre.de\/en\/wp-json\/wp\/v2\/types\/page"}],"author":[{"embeddable":true,"href":"https:\/\/akadre.de\/en\/wp-json\/wp\/v2\/users\/3"}],"replies":[{"embeddable":true,"href":"https:\/\/akadre.de\/en\/wp-json\/wp\/v2\/comments?post=2399"}],"version-history":[{"count":11,"href":"https:\/\/akadre.de\/en\/wp-json\/wp\/v2\/pages\/2399\/revisions"}],"predecessor-version":[{"id":3296,"href":"https:\/\/akadre.de\/en\/wp-json\/wp\/v2\/pages\/2399\/revisions\/3296"}],"wp:attachment":[{"href":"https:\/\/akadre.de\/en\/wp-json\/wp\/v2\/media?parent=2399"}],"curies":[{"name":"wp","href":"https:\/\/api.w.org\/{rel}","templated":true}]}}